{"id":68,"date":"2024-12-31T11:38:32","date_gmt":"2024-12-31T14:38:32","guid":{"rendered":"https:\/\/idbras.com.br\/loja\/?page_id=68"},"modified":"2025-01-01T19:16:39","modified_gmt":"2025-01-01T22:16:39","slug":"home","status":"publish","type":"page","link":"https:\/\/idbras.com.br\/loja\/","title":{"rendered":"Home"},"content":{"rendered":"\t\t<div data-elementor-type=\"wp-page\" data-elementor-id=\"68\" class=\"elementor elementor-68\" data-elementor-post-type=\"page\">\n\t\t\t\t<div class=\"elementor-element elementor-element-e8a35d4 e-con-full e-flex e-con e-parent\" data-id=\"e8a35d4\" data-element_type=\"container\">\n\t\t\t\t<div class=\"elementor-element elementor-element-8dffeee elementor--h-position-center elementor--v-position-middle elementor-arrows-position-inside elementor-pagination-position-inside elementor-widget elementor-widget-slides\" data-id=\"8dffeee\" data-element_type=\"widget\" data-settings=\"{&quot;navigation&quot;:&quot;both&quot;,&quot;autoplay&quot;:&quot;yes&quot;,&quot;pause_on_hover&quot;:&quot;yes&quot;,&quot;pause_on_interaction&quot;:&quot;yes&quot;,&quot;autoplay_speed&quot;:5000,&quot;infinite&quot;:&quot;yes&quot;,&quot;transition&quot;:&quot;slide&quot;,&quot;transition_speed&quot;:500}\" data-widget_type=\"slides.default\">\n\t\t\t\t<div class=\"elementor-widget-container\">\n\t\t\t\t\t\t\t\t\t<div class=\"elementor-swiper\">\n\t\t\t\t\t<div class=\"elementor-slides-wrapper elementor-main-swiper swiper\" role=\"region\" aria-roledescription=\"carousel\" aria-label=\"Slides\" dir=\"ltr\" data-animation=\"fadeInUp\">\n\t\t\t\t<div class=\"swiper-wrapper elementor-slides\">\n\t\t\t\t\t\t\t\t\t\t<div class=\"elementor-repeater-item-1cfdcbd swiper-slide\" role=\"group\" aria-roledescription=\"slide\"><div class=\"swiper-slide-bg\" role=\"img\"><\/div><div class=\"swiper-slide-inner\" ><div class=\"swiper-slide-contents\"><div class=\"elementor-slide-heading\">Fone Bluetooth<\/div><div class=\"elementor-slide-description\">Conforto e Praticidade <\/div><\/div><\/div><\/div><div class=\"elementor-repeater-item-c8db02b swiper-slide\" role=\"group\" aria-roledescription=\"slide\"><div class=\"swiper-slide-bg\" role=\"img\"><\/div><div class=\"swiper-slide-inner\" ><div class=\"swiper-slide-contents\"><div class=\"elementor-slide-heading\">Fone de alta qualidade<\/div><div class=\"elementor-slide-description\">O melhor para voc\u00ea<\/div><\/div><\/div><\/div><div class=\"elementor-repeater-item-19acf99 swiper-slide\" role=\"group\" aria-roledescription=\"slide\"><div class=\"swiper-slide-bg\" role=\"img\"><\/div><div class=\"swiper-slide-inner\" ><div class=\"swiper-slide-contents\"><div class=\"elementor-slide-heading\">Equipamentos de inform\u00e1tica<\/div><div class=\"elementor-slide-description\">Variedade e novidades em tecnologia<\/div><\/div><\/div><\/div>\t\t\t\t<\/div>\n\t\t\t\t\t\t\t\t\t\t\t\t\t\t\t<div class=\"swiper-pagination\"><\/div>\n\t\t\t\t\t\t\t\t\t\t\t\t\t\t\t\t<div class=\"elementor-swiper-button elementor-swiper-button-prev\" role=\"button\" tabindex=\"0\" aria-label=\"Previous slide\">\n\t\t\t\t\t\t\t<svg aria-hidden=\"true\" class=\"e-font-icon-svg e-eicon-chevron-left\" viewBox=\"0 0 1000 1000\" xmlns=\"http:\/\/www.w3.org\/2000\/svg\"><path d=\"M646 125C629 125 613 133 604 142L308 442C296 454 292 471 292 487 292 504 296 521 308 533L604 854C617 867 629 875 646 875 663 875 679 871 692 858 704 846 713 829 713 812 713 796 708 779 692 767L438 487 692 225C700 217 708 204 708 187 708 171 704 154 692 142 675 129 663 125 646 125Z\"><\/path><\/svg>\t\t\t\t\t\t<\/div>\n\t\t\t\t\t\t<div class=\"elementor-swiper-button elementor-swiper-button-next\" role=\"button\" tabindex=\"0\" aria-label=\"Next slide\">\n\t\t\t\t\t\t\t<svg aria-hidden=\"true\" class=\"e-font-icon-svg e-eicon-chevron-right\" viewBox=\"0 0 1000 1000\" xmlns=\"http:\/\/www.w3.org\/2000\/svg\"><path d=\"M696 533C708 521 713 504 713 487 713 471 708 454 696 446L400 146C388 133 375 125 354 125 338 125 325 129 313 142 300 154 292 171 292 187 292 204 296 221 308 233L563 492 304 771C292 783 288 800 288 817 288 833 296 850 308 863 321 871 338 875 354 875 371 875 388 867 400 854L696 533Z\"><\/path><\/svg>\t\t\t\t\t\t<\/div>\n\t\t\t\t\t\t\t\t\t\t\t\t<\/div>\n\t\t\t\t<\/div>\n\t\t\t\t\t\t\t\t<\/div>\n\t\t\t\t<\/div>\n\t\t\t\t<\/div>\n\t\t<div class=\"elementor-element elementor-element-624db6e e-flex e-con-boxed e-con e-parent\" data-id=\"624db6e\" data-element_type=\"container\">\n\t\t\t\t\t<div class=\"e-con-inner\">\n\t\t\t\t<div class=\"elementor-element elementor-element-d88bd12 elementor-widget elementor-widget-heading\" data-id=\"d88bd12\" data-element_type=\"widget\" data-widget_type=\"heading.default\">\n\t\t\t\t<div class=\"elementor-widget-container\">\n\t\t\t\t\t<h2 class=\"elementor-heading-title elementor-size-default\">Categorias<\/h2>\t\t\t\t<\/div>\n\t\t\t\t<\/div>\n\t\t\t\t\t<\/div>\n\t\t\t\t<\/div>\n\t\t<div class=\"elementor-element elementor-element-71dcfa9 e-flex e-con-boxed e-con e-parent\" data-id=\"71dcfa9\" data-element_type=\"container\">\n\t\t\t\t\t<div class=\"e-con-inner\">\n\t\t<div class=\"elementor-element elementor-element-e514456 e-con-full e-flex e-con e-child\" data-id=\"e514456\" data-element_type=\"container\" data-settings=\"{&quot;background_background&quot;:&quot;classic&quot;}\">\n\t\t\t\t<div class=\"elementor-element elementor-element-1565a87 elementor-position-top elementor-widget elementor-widget-image-box\" data-id=\"1565a87\" data-element_type=\"widget\" data-widget_type=\"image-box.default\">\n\t\t\t\t<div class=\"elementor-widget-container\">\n\t\t\t\t\t<div class=\"elementor-image-box-wrapper\"><figure class=\"elementor-image-box-img\"><img fetchpriority=\"high\" decoding=\"async\" width=\"512\" height=\"512\" src=\"https:\/\/idbras.com.br\/loja\/wp-content\/uploads\/2025\/01\/Eletronicos.webp\" class=\"attachment-full size-full wp-image-186\" alt=\"\" srcset=\"https:\/\/idbras.com.br\/loja\/wp-content\/uploads\/2025\/01\/Eletronicos.webp 512w, https:\/\/idbras.com.br\/loja\/wp-content\/uploads\/2025\/01\/Eletronicos-300x300.webp 300w, https:\/\/idbras.com.br\/loja\/wp-content\/uploads\/2025\/01\/Eletronicos-150x150.webp 150w, https:\/\/idbras.com.br\/loja\/wp-content\/uploads\/2025\/01\/Eletronicos-100x100.webp 100w, https:\/\/idbras.com.br\/loja\/wp-content\/uploads\/2025\/01\/Eletronicos-64x64.webp 64w\" sizes=\"(max-width: 512px) 100vw, 512px\" \/><\/figure><div class=\"elementor-image-box-content\"><h3 class=\"elementor-image-box-title\">Eletr\u00f4nicos<\/h3><\/div><\/div>\t\t\t\t<\/div>\n\t\t\t\t<\/div>\n\t\t\t\t<\/div>\n\t\t<div class=\"elementor-element elementor-element-e7014ce e-con-full e-flex e-con e-child\" data-id=\"e7014ce\" data-element_type=\"container\" data-settings=\"{&quot;background_background&quot;:&quot;classic&quot;}\">\n\t\t\t\t<div class=\"elementor-element elementor-element-f09923b elementor-position-top elementor-widget elementor-widget-image-box\" data-id=\"f09923b\" data-element_type=\"widget\" data-widget_type=\"image-box.default\">\n\t\t\t\t<div class=\"elementor-widget-container\">\n\t\t\t\t\t<div class=\"elementor-image-box-wrapper\"><figure class=\"elementor-image-box-img\"><img decoding=\"async\" width=\"512\" height=\"512\" src=\"https:\/\/idbras.com.br\/loja\/wp-content\/uploads\/2025\/01\/Informatica.png\" class=\"attachment-full size-full wp-image-187\" alt=\"\" srcset=\"https:\/\/idbras.com.br\/loja\/wp-content\/uploads\/2025\/01\/Informatica.png 512w, https:\/\/idbras.com.br\/loja\/wp-content\/uploads\/2025\/01\/Informatica-300x300.png 300w, https:\/\/idbras.com.br\/loja\/wp-content\/uploads\/2025\/01\/Informatica-150x150.png 150w, https:\/\/idbras.com.br\/loja\/wp-content\/uploads\/2025\/01\/Informatica-100x100.png 100w, https:\/\/idbras.com.br\/loja\/wp-content\/uploads\/2025\/01\/Informatica-64x64.png 64w\" sizes=\"(max-width: 512px) 100vw, 512px\" \/><\/figure><div class=\"elementor-image-box-content\"><h3 class=\"elementor-image-box-title\">Inform\u00e1tica<\/h3><\/div><\/div>\t\t\t\t<\/div>\n\t\t\t\t<\/div>\n\t\t\t\t<\/div>\n\t\t<div class=\"elementor-element elementor-element-2f0f865 e-con-full e-flex e-con e-child\" data-id=\"2f0f865\" data-element_type=\"container\" data-settings=\"{&quot;background_background&quot;:&quot;classic&quot;}\">\n\t\t\t\t<div class=\"elementor-element elementor-element-2f0a13c elementor-position-top elementor-widget elementor-widget-image-box\" data-id=\"2f0a13c\" data-element_type=\"widget\" data-widget_type=\"image-box.default\">\n\t\t\t\t<div class=\"elementor-widget-container\">\n\t\t\t\t\t<div class=\"elementor-image-box-wrapper\"><figure class=\"elementor-image-box-img\"><img decoding=\"async\" width=\"225\" height=\"225\" src=\"https:\/\/idbras.com.br\/loja\/wp-content\/uploads\/2025\/01\/Maquiagem.png\" class=\"attachment-full size-full wp-image-188\" alt=\"\" srcset=\"https:\/\/idbras.com.br\/loja\/wp-content\/uploads\/2025\/01\/Maquiagem.png 225w, https:\/\/idbras.com.br\/loja\/wp-content\/uploads\/2025\/01\/Maquiagem-150x150.png 150w, https:\/\/idbras.com.br\/loja\/wp-content\/uploads\/2025\/01\/Maquiagem-100x100.png 100w, https:\/\/idbras.com.br\/loja\/wp-content\/uploads\/2025\/01\/Maquiagem-64x64.png 64w\" sizes=\"(max-width: 225px) 100vw, 225px\" \/><\/figure><div class=\"elementor-image-box-content\"><h3 class=\"elementor-image-box-title\">Maquiagem<\/h3><\/div><\/div>\t\t\t\t<\/div>\n\t\t\t\t<\/div>\n\t\t\t\t<\/div>\n\t\t<div class=\"elementor-element elementor-element-064a859 e-con-full e-flex e-con e-child\" data-id=\"064a859\" data-element_type=\"container\" data-settings=\"{&quot;background_background&quot;:&quot;classic&quot;}\">\n\t\t\t\t<div class=\"elementor-element elementor-element-9e4f691 elementor-position-top elementor-widget elementor-widget-image-box\" data-id=\"9e4f691\" data-element_type=\"widget\" data-widget_type=\"image-box.default\">\n\t\t\t\t<div class=\"elementor-widget-container\">\n\t\t\t\t\t<div class=\"elementor-image-box-wrapper\"><figure class=\"elementor-image-box-img\"><img loading=\"lazy\" decoding=\"async\" width=\"512\" height=\"512\" src=\"https:\/\/idbras.com.br\/loja\/wp-content\/uploads\/2025\/01\/Utilidades.png\" class=\"attachment-full size-full wp-image-189\" alt=\"\" srcset=\"https:\/\/idbras.com.br\/loja\/wp-content\/uploads\/2025\/01\/Utilidades.png 512w, https:\/\/idbras.com.br\/loja\/wp-content\/uploads\/2025\/01\/Utilidades-300x300.png 300w, https:\/\/idbras.com.br\/loja\/wp-content\/uploads\/2025\/01\/Utilidades-150x150.png 150w, https:\/\/idbras.com.br\/loja\/wp-content\/uploads\/2025\/01\/Utilidades-100x100.png 100w, https:\/\/idbras.com.br\/loja\/wp-content\/uploads\/2025\/01\/Utilidades-64x64.png 64w\" sizes=\"(max-width: 512px) 100vw, 512px\" \/><\/figure><div class=\"elementor-image-box-content\"><h3 class=\"elementor-image-box-title\">Utilidades<\/h3><\/div><\/div>\t\t\t\t<\/div>\n\t\t\t\t<\/div>\n\t\t\t\t<\/div>\n\t\t\t\t\t<\/div>\n\t\t\t\t<\/div>\n\t\t<div class=\"elementor-element elementor-element-653888c e-flex e-con-boxed e-con e-parent\" data-id=\"653888c\" data-element_type=\"container\">\n\t\t\t\t\t<div class=\"e-con-inner\">\n\t\t\t\t<div class=\"elementor-element elementor-element-67e0c02 elementor-widget elementor-widget-heading\" data-id=\"67e0c02\" data-element_type=\"widget\" data-widget_type=\"heading.default\">\n\t\t\t\t<div class=\"elementor-widget-container\">\n\t\t\t\t\t<h2 class=\"elementor-heading-title elementor-size-default\">Lan\u00e7amentos<\/h2>\t\t\t\t<\/div>\n\t\t\t\t<\/div>\n\t\t\t\t<div class=\"elementor-element elementor-element-68adb0e elementor-grid-4 elementor-grid-tablet-3 elementor-grid-mobile-2 elementor-products-grid elementor-wc-products elementor-widget elementor-widget-woocommerce-products\" data-id=\"68adb0e\" data-element_type=\"widget\" data-widget_type=\"woocommerce-products.default\">\n\t\t\t\t<div class=\"elementor-widget-container\">\n\t\t\t\t\t<div class=\"woocommerce columns-4 \"><ul class=\"products elementor-grid columns-4\">\n<li class=\"product type-product post-252 status-publish first instock product_cat-eletronicos has-post-thumbnail taxable shipping-taxable purchasable product-type-variable\">\n\t<a href=\"https:\/\/idbras.com.br\/loja\/product\/wired-earphone-with-microphone-copper-driver-ergonomic-hifi-sports-style-fast-delivery-for-all-brazil\/\" class=\"woocommerce-LoopProduct-link woocommerce-loop-product__link\"><img loading=\"lazy\" decoding=\"async\" width=\"300\" height=\"300\" src=\"https:\/\/idbras.com.br\/loja\/wp-content\/uploads\/2025\/01\/A1c65f2f68a40443f8776eaeb670bbdf1O-1-300x300.webp\" class=\"attachment-woocommerce_thumbnail size-woocommerce_thumbnail\" alt=\"Fone de Ouvido com Fio e Microfone Driver de Cobre Ergon\u00f4mico Hifi Estilo Esportivo\" srcset=\"https:\/\/idbras.com.br\/loja\/wp-content\/uploads\/2025\/01\/A1c65f2f68a40443f8776eaeb670bbdf1O-1-300x300.webp 300w, https:\/\/idbras.com.br\/loja\/wp-content\/uploads\/2025\/01\/A1c65f2f68a40443f8776eaeb670bbdf1O-1-150x150.webp 150w, https:\/\/idbras.com.br\/loja\/wp-content\/uploads\/2025\/01\/A1c65f2f68a40443f8776eaeb670bbdf1O-1-768x768.webp 768w, https:\/\/idbras.com.br\/loja\/wp-content\/uploads\/2025\/01\/A1c65f2f68a40443f8776eaeb670bbdf1O-1-600x600.webp 600w, https:\/\/idbras.com.br\/loja\/wp-content\/uploads\/2025\/01\/A1c65f2f68a40443f8776eaeb670bbdf1O-1-100x100.webp 100w, https:\/\/idbras.com.br\/loja\/wp-content\/uploads\/2025\/01\/A1c65f2f68a40443f8776eaeb670bbdf1O-1-64x64.webp 64w, https:\/\/idbras.com.br\/loja\/wp-content\/uploads\/2025\/01\/A1c65f2f68a40443f8776eaeb670bbdf1O-1.webp 800w\" sizes=\"(max-width: 300px) 100vw, 300px\" \/><h2 class=\"woocommerce-loop-product__title\">Fone de Ouvido com Fio e Microfone Driver de Cobre Ergon\u00f4mico Hifi Estilo Esportivo<\/h2>\n\t<span class=\"price\"><span class=\"woocommerce-Price-amount amount\"><bdi><span class=\"woocommerce-Price-currencySymbol\">&#82;&#36;<\/span>65.00<\/bdi><\/span><\/span>\n<\/a><a href=\"https:\/\/idbras.com.br\/loja\/product\/wired-earphone-with-microphone-copper-driver-ergonomic-hifi-sports-style-fast-delivery-for-all-brazil\/\" aria-describedby=\"woocommerce_loop_add_to_cart_link_describedby_252\" data-quantity=\"1\" class=\"button product_type_variable add_to_cart_button\" data-product_id=\"252\" data-product_sku=\"ctqrbtku6f9g00b8kk2g\" aria-label=\"Selecione as op\u00e7\u00f5es para &ldquo;Fone de Ouvido com Fio e Microfone Driver de Cobre Ergon\u00f4mico Hifi Estilo Esportivo&rdquo;\" rel=\"nofollow\">Ver op\u00e7\u00f5es<\/a>\t<span id=\"woocommerce_loop_add_to_cart_link_describedby_252\" class=\"screen-reader-text\">\n\t\tEste produto tem v\u00e1rias variantes. As op\u00e7\u00f5es podem ser escolhidas na p\u00e1gina do produto\t<\/span>\n<\/li>\n<li class=\"product type-product post-233 status-publish instock product_cat-idbras-shop has-post-thumbnail taxable shipping-taxable purchasable product-type-variable\">\n\t<a href=\"https:\/\/idbras.com.br\/loja\/product\/taidu-t01-gaming-headset-high-quality-wireless-bluetooth-headphones-50mm-wired-4-mode-earphone-gamers-choice-for-pc-ps5-xbox\/\" class=\"woocommerce-LoopProduct-link woocommerce-loop-product__link\"><img loading=\"lazy\" decoding=\"async\" width=\"300\" height=\"300\" src=\"https:\/\/idbras.com.br\/loja\/wp-content\/uploads\/2025\/01\/Sb714392797e040a3bf0a0711648687ebk-300x300.webp\" class=\"attachment-woocommerce_thumbnail size-woocommerce_thumbnail\" alt=\"Fone de ouvido para jogos TAIDU T01 Fones de ouvido Bluetooth sem fio de alta qualidade 50 mm com fio 4 modos\" srcset=\"https:\/\/idbras.com.br\/loja\/wp-content\/uploads\/2025\/01\/Sb714392797e040a3bf0a0711648687ebk-300x300.webp 300w, https:\/\/idbras.com.br\/loja\/wp-content\/uploads\/2025\/01\/Sb714392797e040a3bf0a0711648687ebk-150x150.webp 150w, https:\/\/idbras.com.br\/loja\/wp-content\/uploads\/2025\/01\/Sb714392797e040a3bf0a0711648687ebk-768x768.webp 768w, https:\/\/idbras.com.br\/loja\/wp-content\/uploads\/2025\/01\/Sb714392797e040a3bf0a0711648687ebk-600x600.webp 600w, https:\/\/idbras.com.br\/loja\/wp-content\/uploads\/2025\/01\/Sb714392797e040a3bf0a0711648687ebk-100x100.webp 100w, https:\/\/idbras.com.br\/loja\/wp-content\/uploads\/2025\/01\/Sb714392797e040a3bf0a0711648687ebk-64x64.webp 64w, https:\/\/idbras.com.br\/loja\/wp-content\/uploads\/2025\/01\/Sb714392797e040a3bf0a0711648687ebk.webp 800w\" sizes=\"(max-width: 300px) 100vw, 300px\" \/><h2 class=\"woocommerce-loop-product__title\">Fone de ouvido para jogos TAIDU T01 Fones de ouvido Bluetooth sem fio de alta qualidade 50 mm com fio 4 modos<\/h2>\n\t<span class=\"price\"><span class=\"woocommerce-Price-amount amount\"><bdi><span class=\"woocommerce-Price-currencySymbol\">&#82;&#36;<\/span>179.00<\/bdi><\/span><\/span>\n<\/a><a href=\"https:\/\/idbras.com.br\/loja\/product\/taidu-t01-gaming-headset-high-quality-wireless-bluetooth-headphones-50mm-wired-4-mode-earphone-gamers-choice-for-pc-ps5-xbox\/\" aria-describedby=\"woocommerce_loop_add_to_cart_link_describedby_233\" data-quantity=\"1\" class=\"button product_type_variable add_to_cart_button\" data-product_id=\"233\" data-product_sku=\"ctqr34cu6f9g00b8kjr0\" aria-label=\"Selecione as op\u00e7\u00f5es para &ldquo;Fone de ouvido para jogos TAIDU T01 Fones de ouvido Bluetooth sem fio de alta qualidade 50 mm com fio 4 modos&rdquo;\" rel=\"nofollow\">Ver op\u00e7\u00f5es<\/a>\t<span id=\"woocommerce_loop_add_to_cart_link_describedby_233\" class=\"screen-reader-text\">\n\t\tEste produto tem v\u00e1rias variantes. As op\u00e7\u00f5es podem ser escolhidas na p\u00e1gina do produto\t<\/span>\n<\/li>\n<li class=\"product type-product post-206 status-publish instock product_cat-eletronicos has-post-thumbnail taxable shipping-taxable purchasable product-type-simple\">\n\t<a href=\"https:\/\/idbras.com.br\/loja\/product\/m10-bluetooth-headphones-with-microphone-earphone-charger-box-wireless-headphones-led-display-screen\/\" class=\"woocommerce-LoopProduct-link woocommerce-loop-product__link\"><img loading=\"lazy\" decoding=\"async\" width=\"300\" height=\"300\" src=\"https:\/\/idbras.com.br\/loja\/wp-content\/uploads\/2025\/01\/S953f81574561446e9d6841f89e48d030g-300x300.webp\" class=\"attachment-woocommerce_thumbnail size-woocommerce_thumbnail\" alt=\"Fones de ouvido Bluetooth M10 com microfone, caixa de carregador de fone de ouvido, fones de ouvido sem fio, tela de exibi\u00e7\u00e3o LED\" srcset=\"https:\/\/idbras.com.br\/loja\/wp-content\/uploads\/2025\/01\/S953f81574561446e9d6841f89e48d030g-300x300.webp 300w, https:\/\/idbras.com.br\/loja\/wp-content\/uploads\/2025\/01\/S953f81574561446e9d6841f89e48d030g-150x150.webp 150w, https:\/\/idbras.com.br\/loja\/wp-content\/uploads\/2025\/01\/S953f81574561446e9d6841f89e48d030g-768x768.webp 768w, https:\/\/idbras.com.br\/loja\/wp-content\/uploads\/2025\/01\/S953f81574561446e9d6841f89e48d030g-600x600.webp 600w, https:\/\/idbras.com.br\/loja\/wp-content\/uploads\/2025\/01\/S953f81574561446e9d6841f89e48d030g-100x100.webp 100w, https:\/\/idbras.com.br\/loja\/wp-content\/uploads\/2025\/01\/S953f81574561446e9d6841f89e48d030g-64x64.webp 64w, https:\/\/idbras.com.br\/loja\/wp-content\/uploads\/2025\/01\/S953f81574561446e9d6841f89e48d030g.webp 800w\" sizes=\"(max-width: 300px) 100vw, 300px\" \/><h2 class=\"woocommerce-loop-product__title\">Fones de ouvido Bluetooth M10 com microfone, caixa de carregador de fone de ouvido, fones de ouvido sem fio, tela de exibi\u00e7\u00e3o LED<\/h2>\n\t<span class=\"price\"><span class=\"woocommerce-Price-amount amount\"><bdi><span class=\"woocommerce-Price-currencySymbol\">&#82;&#36;<\/span>75.00<\/bdi><\/span><\/span>\n<\/a><a href=\"\/loja\/wp-json\/wp\/v2\/pages\/68?add-to-cart=206\" aria-describedby=\"woocommerce_loop_add_to_cart_link_describedby_206\" data-quantity=\"1\" class=\"button product_type_simple add_to_cart_button ajax_add_to_cart\" data-product_id=\"206\" data-product_sku=\"14:193_ctqr1qnia6e000975350\" aria-label=\"Adicione ao carrinho: &ldquo;Fones de ouvido Bluetooth M10 com microfone, caixa de carregador de fone de ouvido, fones de ouvido sem fio, tela de exibi\u00e7\u00e3o LED&rdquo;\" rel=\"nofollow\" data-success_message=\"\u201cFones de ouvido Bluetooth M10 com microfone, caixa de carregador de fone de ouvido, fones de ouvido sem fio, tela de exibi\u00e7\u00e3o LED\u201d foi adicionado ao seu carrinho\" role=\"button\">Adicionar ao carrinho<\/a>\t<span id=\"woocommerce_loop_add_to_cart_link_describedby_206\" class=\"screen-reader-text\">\n\t\t\t<\/span>\n<\/li>\n<li class=\"product type-product post-47 status-publish last instock product_cat-maquiagem has-post-thumbnail featured taxable shipping-taxable purchasable product-type-variable\">\n\t<a href=\"https:\/\/idbras.com.br\/loja\/product\/conjunto-profissional-de-pinceis-de-maquiagem-3-20pcs\/\" class=\"woocommerce-LoopProduct-link woocommerce-loop-product__link\"><img loading=\"lazy\" decoding=\"async\" width=\"300\" height=\"300\" src=\"https:\/\/idbras.com.br\/loja\/wp-content\/uploads\/2024\/12\/S1033308de04b488aba697fc76c0022c0A-300x300.webp\" class=\"attachment-woocommerce_thumbnail size-woocommerce_thumbnail\" alt=\"Conjunto profissional de pinc\u00e9is de maquiagem 3-20PCS\" srcset=\"https:\/\/idbras.com.br\/loja\/wp-content\/uploads\/2024\/12\/S1033308de04b488aba697fc76c0022c0A-300x300.webp 300w, https:\/\/idbras.com.br\/loja\/wp-content\/uploads\/2024\/12\/S1033308de04b488aba697fc76c0022c0A-150x150.webp 150w, https:\/\/idbras.com.br\/loja\/wp-content\/uploads\/2024\/12\/S1033308de04b488aba697fc76c0022c0A-768x768.webp 768w, https:\/\/idbras.com.br\/loja\/wp-content\/uploads\/2024\/12\/S1033308de04b488aba697fc76c0022c0A-600x600.webp 600w, https:\/\/idbras.com.br\/loja\/wp-content\/uploads\/2024\/12\/S1033308de04b488aba697fc76c0022c0A-100x100.webp 100w, https:\/\/idbras.com.br\/loja\/wp-content\/uploads\/2024\/12\/S1033308de04b488aba697fc76c0022c0A.webp 800w\" sizes=\"(max-width: 300px) 100vw, 300px\" \/><h2 class=\"woocommerce-loop-product__title\">Conjunto profissional de pinc\u00e9is de maquiagem 3-20PCS<\/h2>\n\t<span class=\"price\"><span class=\"woocommerce-Price-amount amount\" aria-hidden=\"true\"><bdi><span class=\"woocommerce-Price-currencySymbol\">&#82;&#36;<\/span>25.00<\/bdi><\/span> <span aria-hidden=\"true\">&ndash;<\/span> <span class=\"woocommerce-Price-amount amount\" aria-hidden=\"true\"><bdi><span class=\"woocommerce-Price-currencySymbol\">&#82;&#36;<\/span>62.00<\/bdi><\/span><span class=\"screen-reader-text\">Price range: &#82;&#36;25.00 through &#82;&#36;62.00<\/span><\/span>\n<\/a><a href=\"https:\/\/idbras.com.br\/loja\/product\/conjunto-profissional-de-pinceis-de-maquiagem-3-20pcs\/\" aria-describedby=\"woocommerce_loop_add_to_cart_link_describedby_47\" data-quantity=\"1\" class=\"button product_type_variable add_to_cart_button\" data-product_id=\"47\" data-product_sku=\"ctq00ffia6e0009748t0\" aria-label=\"Selecione as op\u00e7\u00f5es para &ldquo;Conjunto profissional de pinc\u00e9is de maquiagem 3-20PCS&rdquo;\" rel=\"nofollow\">Ver op\u00e7\u00f5es<\/a>\t<span id=\"woocommerce_loop_add_to_cart_link_describedby_47\" class=\"screen-reader-text\">\n\t\tEste produto tem v\u00e1rias variantes. As op\u00e7\u00f5es podem ser escolhidas na p\u00e1gina do produto\t<\/span>\n<\/li>\n<\/ul>\n<\/div>\t\t\t\t<\/div>\n\t\t\t\t<\/div>\n\t\t\t\t\t<\/div>\n\t\t\t\t<\/div>\n\t\t\t\t<\/div>\n\t\t","protected":false},"excerpt":{"rendered":"<p>Fone BluetoothConforto e Praticidade Fone de alta qualidadeO melhor para voc\u00eaEquipamentos de inform\u00e1ticaVariedade e novidades em tecnologia Categorias Eletr\u00f4nicos Inform\u00e1tica Maquiagem Utilidades Lan\u00e7amentos<\/p>\n","protected":false},"author":1,"featured_media":0,"parent":0,"menu_order":0,"comment_status":"closed","ping_status":"closed","template":"elementor_header_footer","meta":{"footnotes":""},"class_list":["post-68","page","type-page","status-publish","hentry"],"_links":{"self":[{"href":"https:\/\/idbras.com.br\/loja\/wp-json\/wp\/v2\/pages\/68","targetHints":{"allow":["GET"]}}],"collection":[{"href":"https:\/\/idbras.com.br\/loja\/wp-json\/wp\/v2\/pages"}],"about":[{"href":"https:\/\/idbras.com.br\/loja\/wp-json\/wp\/v2\/types\/page"}],"author":[{"embeddable":true,"href":"https:\/\/idbras.com.br\/loja\/wp-json\/wp\/v2\/users\/1"}],"replies":[{"embeddable":true,"href":"https:\/\/idbras.com.br\/loja\/wp-json\/wp\/v2\/comments?post=68"}],"version-history":[{"count":16,"href":"https:\/\/idbras.com.br\/loja\/wp-json\/wp\/v2\/pages\/68\/revisions"}],"predecessor-version":[{"id":272,"href":"https:\/\/idbras.com.br\/loja\/wp-json\/wp\/v2\/pages\/68\/revisions\/272"}],"wp:attachment":[{"href":"https:\/\/idbras.com.br\/loja\/wp-json\/wp\/v2\/media?parent=68"}],"curies":[{"name":"wp","href":"https:\/\/api.w.org\/{rel}","templated":true}]}}