{"id":290,"date":"2025-01-02T08:23:16","date_gmt":"2025-01-02T11:23:16","guid":{"rendered":"https:\/\/idbras.com.br\/loja\/?page_id=290"},"modified":"2025-01-02T08:35:41","modified_gmt":"2025-01-02T11:35:41","slug":"produtos","status":"publish","type":"page","link":"https:\/\/idbras.com.br\/loja\/produtos\/","title":{"rendered":"Produtos"},"content":{"rendered":"\t\t<div data-elementor-type=\"wp-page\" data-elementor-id=\"290\" class=\"elementor elementor-290\" data-elementor-post-type=\"page\">\n\t\t\t\t<div class=\"elementor-element elementor-element-44a0758 e-flex e-con-boxed e-con e-parent\" data-id=\"44a0758\" data-element_type=\"container\" data-e-type=\"container\">\n\t\t\t\t\t<div class=\"e-con-inner\">\n\t\t\t\t<div class=\"elementor-element elementor-element-6c24a3d elementor-widget elementor-widget-heading\" data-id=\"6c24a3d\" data-element_type=\"widget\" data-e-type=\"widget\" data-widget_type=\"heading.default\">\n\t\t\t\t<div class=\"elementor-widget-container\">\n\t\t\t\t\t<h2 class=\"elementor-heading-title elementor-size-default\">Categorias<\/h2>\t\t\t\t<\/div>\n\t\t\t\t<\/div>\n\t\t\t\t\t<\/div>\n\t\t\t\t<\/div>\n\t\t<div class=\"elementor-element elementor-element-d3b6bea e-flex e-con-boxed e-con e-parent\" data-id=\"d3b6bea\" data-element_type=\"container\" data-e-type=\"container\">\n\t\t\t\t\t<div class=\"e-con-inner\">\n\t\t<div class=\"elementor-element elementor-element-d5cee7e e-con-full e-flex e-con e-child\" data-id=\"d5cee7e\" data-element_type=\"container\" data-e-type=\"container\">\n\t\t<div class=\"elementor-element elementor-element-9a05228 e-con-full e-flex e-con e-child\" data-id=\"9a05228\" data-element_type=\"container\" data-e-type=\"container\" data-settings=\"{&quot;background_background&quot;:&quot;classic&quot;}\">\n\t\t\t\t<div class=\"elementor-element elementor-element-84f4939 elementor-position-top elementor-widget elementor-widget-image-box\" data-id=\"84f4939\" data-element_type=\"widget\" data-e-type=\"widget\" data-widget_type=\"image-box.default\">\n\t\t\t\t<div class=\"elementor-widget-container\">\n\t\t\t\t\t<div class=\"elementor-image-box-wrapper\"><figure class=\"elementor-image-box-img\"><img fetchpriority=\"high\" decoding=\"async\" width=\"512\" height=\"512\" src=\"https:\/\/idbras.com.br\/loja\/wp-content\/uploads\/2025\/01\/Eletronicos.webp\" class=\"attachment-full size-full wp-image-186\" alt=\"\" srcset=\"https:\/\/idbras.com.br\/loja\/wp-content\/uploads\/2025\/01\/Eletronicos.webp 512w, https:\/\/idbras.com.br\/loja\/wp-content\/uploads\/2025\/01\/Eletronicos-300x300.webp 300w, https:\/\/idbras.com.br\/loja\/wp-content\/uploads\/2025\/01\/Eletronicos-150x150.webp 150w, https:\/\/idbras.com.br\/loja\/wp-content\/uploads\/2025\/01\/Eletronicos-100x100.webp 100w, https:\/\/idbras.com.br\/loja\/wp-content\/uploads\/2025\/01\/Eletronicos-64x64.webp 64w\" sizes=\"(max-width: 512px) 100vw, 512px\" \/><\/figure><div class=\"elementor-image-box-content\"><h3 class=\"elementor-image-box-title\">Eletr\u00f4nicos<\/h3><\/div><\/div>\t\t\t\t<\/div>\n\t\t\t\t<\/div>\n\t\t\t\t<\/div>\n\t\t<div class=\"elementor-element elementor-element-c5ba55b e-con-full e-flex e-con e-child\" data-id=\"c5ba55b\" data-element_type=\"container\" data-e-type=\"container\" data-settings=\"{&quot;background_background&quot;:&quot;classic&quot;}\">\n\t\t\t\t<div class=\"elementor-element elementor-element-ffd41b7 elementor-position-top elementor-widget elementor-widget-image-box\" data-id=\"ffd41b7\" data-element_type=\"widget\" data-e-type=\"widget\" data-widget_type=\"image-box.default\">\n\t\t\t\t<div class=\"elementor-widget-container\">\n\t\t\t\t\t<div class=\"elementor-image-box-wrapper\"><figure class=\"elementor-image-box-img\"><img decoding=\"async\" width=\"512\" height=\"512\" src=\"https:\/\/idbras.com.br\/loja\/wp-content\/uploads\/2025\/01\/Informatica.png\" class=\"attachment-full size-full wp-image-187\" alt=\"\" srcset=\"https:\/\/idbras.com.br\/loja\/wp-content\/uploads\/2025\/01\/Informatica.png 512w, https:\/\/idbras.com.br\/loja\/wp-content\/uploads\/2025\/01\/Informatica-300x300.png 300w, https:\/\/idbras.com.br\/loja\/wp-content\/uploads\/2025\/01\/Informatica-150x150.png 150w, https:\/\/idbras.com.br\/loja\/wp-content\/uploads\/2025\/01\/Informatica-100x100.png 100w, https:\/\/idbras.com.br\/loja\/wp-content\/uploads\/2025\/01\/Informatica-64x64.png 64w\" sizes=\"(max-width: 512px) 100vw, 512px\" \/><\/figure><div class=\"elementor-image-box-content\"><h3 class=\"elementor-image-box-title\">Inform\u00e1tica<\/h3><\/div><\/div>\t\t\t\t<\/div>\n\t\t\t\t<\/div>\n\t\t\t\t<\/div>\n\t\t<div class=\"elementor-element elementor-element-1b16764 e-con-full e-flex e-con e-child\" data-id=\"1b16764\" data-element_type=\"container\" data-e-type=\"container\" data-settings=\"{&quot;background_background&quot;:&quot;classic&quot;}\">\n\t\t\t\t<div class=\"elementor-element elementor-element-083d1fd elementor-position-top elementor-widget elementor-widget-image-box\" data-id=\"083d1fd\" data-element_type=\"widget\" data-e-type=\"widget\" data-widget_type=\"image-box.default\">\n\t\t\t\t<div class=\"elementor-widget-container\">\n\t\t\t\t\t<div class=\"elementor-image-box-wrapper\"><figure class=\"elementor-image-box-img\"><img decoding=\"async\" width=\"225\" height=\"225\" src=\"https:\/\/idbras.com.br\/loja\/wp-content\/uploads\/2025\/01\/Maquiagem.png\" class=\"attachment-full size-full wp-image-188\" alt=\"\" srcset=\"https:\/\/idbras.com.br\/loja\/wp-content\/uploads\/2025\/01\/Maquiagem.png 225w, https:\/\/idbras.com.br\/loja\/wp-content\/uploads\/2025\/01\/Maquiagem-150x150.png 150w, https:\/\/idbras.com.br\/loja\/wp-content\/uploads\/2025\/01\/Maquiagem-100x100.png 100w, https:\/\/idbras.com.br\/loja\/wp-content\/uploads\/2025\/01\/Maquiagem-64x64.png 64w\" sizes=\"(max-width: 225px) 100vw, 225px\" \/><\/figure><div class=\"elementor-image-box-content\"><h3 class=\"elementor-image-box-title\">Maquiagem<\/h3><\/div><\/div>\t\t\t\t<\/div>\n\t\t\t\t<\/div>\n\t\t\t\t<\/div>\n\t\t<div class=\"elementor-element elementor-element-fef2e5d e-con-full e-flex e-con e-child\" data-id=\"fef2e5d\" data-element_type=\"container\" data-e-type=\"container\" data-settings=\"{&quot;background_background&quot;:&quot;classic&quot;}\">\n\t\t\t\t<div class=\"elementor-element elementor-element-eb360e3 elementor-position-top elementor-widget elementor-widget-image-box\" data-id=\"eb360e3\" data-element_type=\"widget\" data-e-type=\"widget\" data-widget_type=\"image-box.default\">\n\t\t\t\t<div class=\"elementor-widget-container\">\n\t\t\t\t\t<div class=\"elementor-image-box-wrapper\"><figure class=\"elementor-image-box-img\"><img loading=\"lazy\" decoding=\"async\" width=\"512\" height=\"512\" src=\"https:\/\/idbras.com.br\/loja\/wp-content\/uploads\/2025\/01\/Utilidades.png\" class=\"attachment-full size-full wp-image-189\" alt=\"\" srcset=\"https:\/\/idbras.com.br\/loja\/wp-content\/uploads\/2025\/01\/Utilidades.png 512w, https:\/\/idbras.com.br\/loja\/wp-content\/uploads\/2025\/01\/Utilidades-300x300.png 300w, https:\/\/idbras.com.br\/loja\/wp-content\/uploads\/2025\/01\/Utilidades-150x150.png 150w, https:\/\/idbras.com.br\/loja\/wp-content\/uploads\/2025\/01\/Utilidades-100x100.png 100w, https:\/\/idbras.com.br\/loja\/wp-content\/uploads\/2025\/01\/Utilidades-64x64.png 64w\" sizes=\"(max-width: 512px) 100vw, 512px\" \/><\/figure><div class=\"elementor-image-box-content\"><h3 class=\"elementor-image-box-title\">Utilidades<\/h3><\/div><\/div>\t\t\t\t<\/div>\n\t\t\t\t<\/div>\n\t\t\t\t<\/div>\n\t\t\t\t<\/div>\n\t\t\t\t\t<\/div>\n\t\t\t\t<\/div>\n\t\t<div class=\"elementor-element elementor-element-9087554 e-flex e-con-boxed e-con e-parent\" data-id=\"9087554\" data-element_type=\"container\" data-e-type=\"container\">\n\t\t\t\t\t<div class=\"e-con-inner\">\n\t\t\t\t<div class=\"elementor-element elementor-element-eaa16c8 elementor-widget elementor-widget-heading\" data-id=\"eaa16c8\" data-element_type=\"widget\" data-e-type=\"widget\" data-widget_type=\"heading.default\">\n\t\t\t\t<div class=\"elementor-widget-container\">\n\t\t\t\t\t<h2 class=\"elementor-heading-title elementor-size-default\">Produtos<\/h2>\t\t\t\t<\/div>\n\t\t\t\t<\/div>\n\t\t\t\t\t<\/div>\n\t\t\t\t<\/div>\n\t\t<div class=\"elementor-element elementor-element-c5fe149 e-flex e-con-boxed e-con e-parent\" data-id=\"c5fe149\" data-element_type=\"container\" data-e-type=\"container\">\n\t\t\t\t\t<div class=\"e-con-inner\">\n\t\t\t\t<div class=\"elementor-element elementor-element-405ea66 elementor-grid-3 elementor-grid-tablet-3 elementor-grid-mobile-2 elementor-products-grid elementor-wc-products elementor-widget elementor-widget-woocommerce-products\" data-id=\"405ea66\" data-element_type=\"widget\" data-e-type=\"widget\" data-widget_type=\"woocommerce-products.default\">\n\t\t\t\t<div class=\"elementor-widget-container\">\n\t\t\t\t\t<div class=\"woocommerce columns-3 \"><ul class=\"products elementor-grid columns-3\">\n<li class=\"product type-product post-252 status-publish first instock product_cat-eletronicos has-post-thumbnail taxable shipping-taxable purchasable product-type-variable\">\n\t<a href=\"https:\/\/idbras.com.br\/loja\/product\/wired-earphone-with-microphone-copper-driver-ergonomic-hifi-sports-style-fast-delivery-for-all-brazil\/\" class=\"woocommerce-LoopProduct-link woocommerce-loop-product__link\"><img loading=\"lazy\" decoding=\"async\" width=\"300\" height=\"300\" src=\"https:\/\/idbras.com.br\/loja\/wp-content\/uploads\/2025\/01\/A1c65f2f68a40443f8776eaeb670bbdf1O-1-300x300.webp\" class=\"attachment-woocommerce_thumbnail size-woocommerce_thumbnail\" alt=\"Fone de Ouvido com Fio e Microfone Driver de Cobre Ergon\u00f4mico Hifi Estilo Esportivo\" srcset=\"https:\/\/idbras.com.br\/loja\/wp-content\/uploads\/2025\/01\/A1c65f2f68a40443f8776eaeb670bbdf1O-1-300x300.webp 300w, https:\/\/idbras.com.br\/loja\/wp-content\/uploads\/2025\/01\/A1c65f2f68a40443f8776eaeb670bbdf1O-1-150x150.webp 150w, https:\/\/idbras.com.br\/loja\/wp-content\/uploads\/2025\/01\/A1c65f2f68a40443f8776eaeb670bbdf1O-1-768x768.webp 768w, https:\/\/idbras.com.br\/loja\/wp-content\/uploads\/2025\/01\/A1c65f2f68a40443f8776eaeb670bbdf1O-1-600x600.webp 600w, https:\/\/idbras.com.br\/loja\/wp-content\/uploads\/2025\/01\/A1c65f2f68a40443f8776eaeb670bbdf1O-1-100x100.webp 100w, https:\/\/idbras.com.br\/loja\/wp-content\/uploads\/2025\/01\/A1c65f2f68a40443f8776eaeb670bbdf1O-1-64x64.webp 64w, https:\/\/idbras.com.br\/loja\/wp-content\/uploads\/2025\/01\/A1c65f2f68a40443f8776eaeb670bbdf1O-1.webp 800w\" sizes=\"(max-width: 300px) 100vw, 300px\" \/><h2 class=\"woocommerce-loop-product__title\">Fone de Ouvido com Fio e Microfone Driver de Cobre Ergon\u00f4mico Hifi Estilo Esportivo<\/h2>\n\t<span class=\"price\"><span class=\"woocommerce-Price-amount amount\"><bdi><span class=\"woocommerce-Price-currencySymbol\">&#82;&#36;<\/span>65.00<\/bdi><\/span><\/span>\n<\/a><a href=\"https:\/\/idbras.com.br\/loja\/product\/wired-earphone-with-microphone-copper-driver-ergonomic-hifi-sports-style-fast-delivery-for-all-brazil\/\" aria-describedby=\"woocommerce_loop_add_to_cart_link_describedby_252\" data-quantity=\"1\" class=\"button product_type_variable add_to_cart_button\" data-product_id=\"252\" data-product_sku=\"ctqrbtku6f9g00b8kk2g\" aria-label=\"Selecione as op\u00e7\u00f5es para &ldquo;Fone de Ouvido com Fio e Microfone Driver de Cobre Ergon\u00f4mico Hifi Estilo Esportivo&rdquo;\" rel=\"nofollow\">Ver op\u00e7\u00f5es<\/a>\t<span id=\"woocommerce_loop_add_to_cart_link_describedby_252\" class=\"screen-reader-text\">\n\t\tEste produto tem v\u00e1rias variantes. As op\u00e7\u00f5es podem ser escolhidas na p\u00e1gina do produto\t<\/span>\n<\/li>\n<li class=\"product type-product post-233 status-publish instock product_cat-idbras-shop has-post-thumbnail taxable shipping-taxable purchasable product-type-variable\">\n\t<a href=\"https:\/\/idbras.com.br\/loja\/product\/taidu-t01-gaming-headset-high-quality-wireless-bluetooth-headphones-50mm-wired-4-mode-earphone-gamers-choice-for-pc-ps5-xbox\/\" class=\"woocommerce-LoopProduct-link woocommerce-loop-product__link\"><img loading=\"lazy\" decoding=\"async\" width=\"300\" height=\"300\" src=\"https:\/\/idbras.com.br\/loja\/wp-content\/uploads\/2025\/01\/Sb714392797e040a3bf0a0711648687ebk-300x300.webp\" class=\"attachment-woocommerce_thumbnail size-woocommerce_thumbnail\" alt=\"Fone de ouvido para jogos TAIDU T01 Fones de ouvido Bluetooth sem fio de alta qualidade 50 mm com fio 4 modos\" srcset=\"https:\/\/idbras.com.br\/loja\/wp-content\/uploads\/2025\/01\/Sb714392797e040a3bf0a0711648687ebk-300x300.webp 300w, https:\/\/idbras.com.br\/loja\/wp-content\/uploads\/2025\/01\/Sb714392797e040a3bf0a0711648687ebk-150x150.webp 150w, https:\/\/idbras.com.br\/loja\/wp-content\/uploads\/2025\/01\/Sb714392797e040a3bf0a0711648687ebk-768x768.webp 768w, https:\/\/idbras.com.br\/loja\/wp-content\/uploads\/2025\/01\/Sb714392797e040a3bf0a0711648687ebk-600x600.webp 600w, https:\/\/idbras.com.br\/loja\/wp-content\/uploads\/2025\/01\/Sb714392797e040a3bf0a0711648687ebk-100x100.webp 100w, https:\/\/idbras.com.br\/loja\/wp-content\/uploads\/2025\/01\/Sb714392797e040a3bf0a0711648687ebk-64x64.webp 64w, https:\/\/idbras.com.br\/loja\/wp-content\/uploads\/2025\/01\/Sb714392797e040a3bf0a0711648687ebk.webp 800w\" sizes=\"(max-width: 300px) 100vw, 300px\" \/><h2 class=\"woocommerce-loop-product__title\">Fone de ouvido para jogos TAIDU T01 Fones de ouvido Bluetooth sem fio de alta qualidade 50 mm com fio 4 modos<\/h2>\n\t<span class=\"price\"><span class=\"woocommerce-Price-amount amount\"><bdi><span class=\"woocommerce-Price-currencySymbol\">&#82;&#36;<\/span>179.00<\/bdi><\/span><\/span>\n<\/a><a href=\"https:\/\/idbras.com.br\/loja\/product\/taidu-t01-gaming-headset-high-quality-wireless-bluetooth-headphones-50mm-wired-4-mode-earphone-gamers-choice-for-pc-ps5-xbox\/\" aria-describedby=\"woocommerce_loop_add_to_cart_link_describedby_233\" data-quantity=\"1\" class=\"button product_type_variable add_to_cart_button\" data-product_id=\"233\" data-product_sku=\"ctqr34cu6f9g00b8kjr0\" aria-label=\"Selecione as op\u00e7\u00f5es para &ldquo;Fone de ouvido para jogos TAIDU T01 Fones de ouvido Bluetooth sem fio de alta qualidade 50 mm com fio 4 modos&rdquo;\" rel=\"nofollow\">Ver op\u00e7\u00f5es<\/a>\t<span id=\"woocommerce_loop_add_to_cart_link_describedby_233\" class=\"screen-reader-text\">\n\t\tEste produto tem v\u00e1rias variantes. As op\u00e7\u00f5es podem ser escolhidas na p\u00e1gina do produto\t<\/span>\n<\/li>\n<li class=\"product type-product post-206 status-publish last instock product_cat-eletronicos has-post-thumbnail taxable shipping-taxable purchasable product-type-simple\">\n\t<a href=\"https:\/\/idbras.com.br\/loja\/product\/m10-bluetooth-headphones-with-microphone-earphone-charger-box-wireless-headphones-led-display-screen\/\" class=\"woocommerce-LoopProduct-link woocommerce-loop-product__link\"><img loading=\"lazy\" decoding=\"async\" width=\"300\" height=\"300\" src=\"https:\/\/idbras.com.br\/loja\/wp-content\/uploads\/2025\/01\/S953f81574561446e9d6841f89e48d030g-300x300.webp\" class=\"attachment-woocommerce_thumbnail size-woocommerce_thumbnail\" alt=\"Fones de ouvido Bluetooth M10 com microfone, caixa de carregador de fone de ouvido, fones de ouvido sem fio, tela de exibi\u00e7\u00e3o LED\" srcset=\"https:\/\/idbras.com.br\/loja\/wp-content\/uploads\/2025\/01\/S953f81574561446e9d6841f89e48d030g-300x300.webp 300w, https:\/\/idbras.com.br\/loja\/wp-content\/uploads\/2025\/01\/S953f81574561446e9d6841f89e48d030g-150x150.webp 150w, https:\/\/idbras.com.br\/loja\/wp-content\/uploads\/2025\/01\/S953f81574561446e9d6841f89e48d030g-768x768.webp 768w, https:\/\/idbras.com.br\/loja\/wp-content\/uploads\/2025\/01\/S953f81574561446e9d6841f89e48d030g-600x600.webp 600w, https:\/\/idbras.com.br\/loja\/wp-content\/uploads\/2025\/01\/S953f81574561446e9d6841f89e48d030g-100x100.webp 100w, https:\/\/idbras.com.br\/loja\/wp-content\/uploads\/2025\/01\/S953f81574561446e9d6841f89e48d030g-64x64.webp 64w, https:\/\/idbras.com.br\/loja\/wp-content\/uploads\/2025\/01\/S953f81574561446e9d6841f89e48d030g.webp 800w\" sizes=\"(max-width: 300px) 100vw, 300px\" \/><h2 class=\"woocommerce-loop-product__title\">Fones de ouvido Bluetooth M10 com microfone, caixa de carregador de fone de ouvido, fones de ouvido sem fio, tela de exibi\u00e7\u00e3o LED<\/h2>\n\t<span class=\"price\"><span class=\"woocommerce-Price-amount amount\"><bdi><span class=\"woocommerce-Price-currencySymbol\">&#82;&#36;<\/span>75.00<\/bdi><\/span><\/span>\n<\/a><a href=\"\/loja\/wp-json\/wp\/v2\/pages\/290?add-to-cart=206\" aria-describedby=\"woocommerce_loop_add_to_cart_link_describedby_206\" data-quantity=\"1\" class=\"button product_type_simple add_to_cart_button ajax_add_to_cart\" data-product_id=\"206\" data-product_sku=\"14:193_ctqr1qnia6e000975350\" aria-label=\"Adicione ao carrinho: &ldquo;Fones de ouvido Bluetooth M10 com microfone, caixa de carregador de fone de ouvido, fones de ouvido sem fio, tela de exibi\u00e7\u00e3o LED&rdquo;\" rel=\"nofollow\" data-success_message=\"\u201cFones de ouvido Bluetooth M10 com microfone, caixa de carregador de fone de ouvido, fones de ouvido sem fio, tela de exibi\u00e7\u00e3o LED\u201d foi adicionado ao seu carrinho\" role=\"button\">Adicionar ao carrinho<\/a>\t<span id=\"woocommerce_loop_add_to_cart_link_describedby_206\" class=\"screen-reader-text\">\n\t\t\t<\/span>\n<\/li>\n<li class=\"product type-product post-47 status-publish first instock product_cat-maquiagem has-post-thumbnail featured taxable shipping-taxable purchasable product-type-variable\">\n\t<a href=\"https:\/\/idbras.com.br\/loja\/product\/conjunto-profissional-de-pinceis-de-maquiagem-3-20pcs\/\" class=\"woocommerce-LoopProduct-link woocommerce-loop-product__link\"><img loading=\"lazy\" decoding=\"async\" width=\"300\" height=\"300\" src=\"https:\/\/idbras.com.br\/loja\/wp-content\/uploads\/2024\/12\/S1033308de04b488aba697fc76c0022c0A-300x300.webp\" class=\"attachment-woocommerce_thumbnail size-woocommerce_thumbnail\" alt=\"Conjunto profissional de pinc\u00e9is de maquiagem 3-20PCS\" srcset=\"https:\/\/idbras.com.br\/loja\/wp-content\/uploads\/2024\/12\/S1033308de04b488aba697fc76c0022c0A-300x300.webp 300w, https:\/\/idbras.com.br\/loja\/wp-content\/uploads\/2024\/12\/S1033308de04b488aba697fc76c0022c0A-150x150.webp 150w, https:\/\/idbras.com.br\/loja\/wp-content\/uploads\/2024\/12\/S1033308de04b488aba697fc76c0022c0A-768x768.webp 768w, https:\/\/idbras.com.br\/loja\/wp-content\/uploads\/2024\/12\/S1033308de04b488aba697fc76c0022c0A-600x600.webp 600w, https:\/\/idbras.com.br\/loja\/wp-content\/uploads\/2024\/12\/S1033308de04b488aba697fc76c0022c0A-100x100.webp 100w, https:\/\/idbras.com.br\/loja\/wp-content\/uploads\/2024\/12\/S1033308de04b488aba697fc76c0022c0A.webp 800w\" sizes=\"(max-width: 300px) 100vw, 300px\" \/><h2 class=\"woocommerce-loop-product__title\">Conjunto profissional de pinc\u00e9is de maquiagem 3-20PCS<\/h2>\n\t<span class=\"price\"><span class=\"woocommerce-Price-amount amount\" aria-hidden=\"true\"><bdi><span class=\"woocommerce-Price-currencySymbol\">&#82;&#36;<\/span>25.00<\/bdi><\/span> <span aria-hidden=\"true\">&ndash;<\/span> <span class=\"woocommerce-Price-amount amount\" aria-hidden=\"true\"><bdi><span class=\"woocommerce-Price-currencySymbol\">&#82;&#36;<\/span>62.00<\/bdi><\/span><span class=\"screen-reader-text\">Price range: &#82;&#36;25.00 through &#82;&#36;62.00<\/span><\/span>\n<\/a><a href=\"https:\/\/idbras.com.br\/loja\/product\/conjunto-profissional-de-pinceis-de-maquiagem-3-20pcs\/\" aria-describedby=\"woocommerce_loop_add_to_cart_link_describedby_47\" data-quantity=\"1\" class=\"button product_type_variable add_to_cart_button\" data-product_id=\"47\" data-product_sku=\"ctq00ffia6e0009748t0\" aria-label=\"Selecione as op\u00e7\u00f5es para &ldquo;Conjunto profissional de pinc\u00e9is de maquiagem 3-20PCS&rdquo;\" rel=\"nofollow\">Ver op\u00e7\u00f5es<\/a>\t<span id=\"woocommerce_loop_add_to_cart_link_describedby_47\" class=\"screen-reader-text\">\n\t\tEste produto tem v\u00e1rias variantes. As op\u00e7\u00f5es podem ser escolhidas na p\u00e1gina do produto\t<\/span>\n<\/li>\n<li class=\"product type-product post-30 status-publish instock product_cat-maquiagem has-post-thumbnail featured taxable shipping-taxable purchasable product-type-simple\">\n\t<a href=\"https:\/\/idbras.com.br\/loja\/product\/conjunto-de-maquiagem-com-142-cores-de-sombra\/\" class=\"woocommerce-LoopProduct-link woocommerce-loop-product__link\"><img loading=\"lazy\" decoding=\"async\" width=\"300\" height=\"300\" src=\"https:\/\/idbras.com.br\/loja\/wp-content\/uploads\/2024\/12\/Saf1b5a9a35cb4c53a492488c121a8d3a1-300x300.webp\" class=\"attachment-woocommerce_thumbnail size-woocommerce_thumbnail\" alt=\"Conjunto de maquiagem com 142 cores de sombra\" srcset=\"https:\/\/idbras.com.br\/loja\/wp-content\/uploads\/2024\/12\/Saf1b5a9a35cb4c53a492488c121a8d3a1-300x300.webp 300w, https:\/\/idbras.com.br\/loja\/wp-content\/uploads\/2024\/12\/Saf1b5a9a35cb4c53a492488c121a8d3a1-150x150.webp 150w, https:\/\/idbras.com.br\/loja\/wp-content\/uploads\/2024\/12\/Saf1b5a9a35cb4c53a492488c121a8d3a1-768x768.webp 768w, https:\/\/idbras.com.br\/loja\/wp-content\/uploads\/2024\/12\/Saf1b5a9a35cb4c53a492488c121a8d3a1-600x600.webp 600w, https:\/\/idbras.com.br\/loja\/wp-content\/uploads\/2024\/12\/Saf1b5a9a35cb4c53a492488c121a8d3a1-100x100.webp 100w, https:\/\/idbras.com.br\/loja\/wp-content\/uploads\/2024\/12\/Saf1b5a9a35cb4c53a492488c121a8d3a1.webp 800w\" sizes=\"(max-width: 300px) 100vw, 300px\" \/><h2 class=\"woocommerce-loop-product__title\">Conjunto de maquiagem com 142 cores de sombra<\/h2>\n\t<span class=\"price\"><span class=\"woocommerce-Price-amount amount\"><bdi><span class=\"woocommerce-Price-currencySymbol\">&#82;&#36;<\/span>121.48<\/bdi><\/span><\/span>\n<\/a><a href=\"\/loja\/wp-json\/wp\/v2\/pages\/290?add-to-cart=30\" aria-describedby=\"woocommerce_loop_add_to_cart_link_describedby_30\" data-quantity=\"1\" class=\"button product_type_simple add_to_cart_button ajax_add_to_cart\" data-product_id=\"30\" data-product_sku=\"200001176:193#7001-045M_ctpvvr0ncaog00f3vdhg\" aria-label=\"Adicione ao carrinho: &ldquo;Conjunto de maquiagem com 142 cores de sombra&rdquo;\" rel=\"nofollow\" data-success_message=\"\u201cConjunto de maquiagem com 142 cores de sombra\u201d foi adicionado ao seu carrinho\" role=\"button\">Adicionar ao carrinho<\/a>\t<span id=\"woocommerce_loop_add_to_cart_link_describedby_30\" class=\"screen-reader-text\">\n\t\t\t<\/span>\n<\/li>\n<li class=\"product type-product post-23 status-publish last instock product_cat-maquiagem has-post-thumbnail featured taxable shipping-taxable purchasable product-type-simple\">\n\t<a href=\"https:\/\/idbras.com.br\/loja\/product\/120-cores-de-maquiagem-para-os-olhos-a-prova\/\" class=\"woocommerce-LoopProduct-link woocommerce-loop-product__link\"><img loading=\"lazy\" decoding=\"async\" width=\"300\" height=\"300\" src=\"https:\/\/idbras.com.br\/loja\/wp-content\/uploads\/2024\/12\/S01bc40d92f264071b4cef2184bb257e1I-300x300.webp\" class=\"attachment-woocommerce_thumbnail size-woocommerce_thumbnail\" alt=\"120 cores de maquiagem para os olhos \u00e0 prova\" srcset=\"https:\/\/idbras.com.br\/loja\/wp-content\/uploads\/2024\/12\/S01bc40d92f264071b4cef2184bb257e1I-300x300.webp 300w, https:\/\/idbras.com.br\/loja\/wp-content\/uploads\/2024\/12\/S01bc40d92f264071b4cef2184bb257e1I-150x150.webp 150w, https:\/\/idbras.com.br\/loja\/wp-content\/uploads\/2024\/12\/S01bc40d92f264071b4cef2184bb257e1I-768x768.webp 768w, https:\/\/idbras.com.br\/loja\/wp-content\/uploads\/2024\/12\/S01bc40d92f264071b4cef2184bb257e1I-600x600.webp 600w, https:\/\/idbras.com.br\/loja\/wp-content\/uploads\/2024\/12\/S01bc40d92f264071b4cef2184bb257e1I-100x100.webp 100w, https:\/\/idbras.com.br\/loja\/wp-content\/uploads\/2024\/12\/S01bc40d92f264071b4cef2184bb257e1I.webp 1000w\" sizes=\"(max-width: 300px) 100vw, 300px\" \/><h2 class=\"woocommerce-loop-product__title\">120 cores de maquiagem para os olhos \u00e0 prova<\/h2>\n\t<span class=\"price\"><span class=\"woocommerce-Price-amount amount\"><bdi><span class=\"woocommerce-Price-currencySymbol\">&#82;&#36;<\/span>110.00<\/bdi><\/span><\/span>\n<\/a><a href=\"\/loja\/wp-json\/wp\/v2\/pages\/290?add-to-cart=23\" aria-describedby=\"woocommerce_loop_add_to_cart_link_describedby_23\" data-quantity=\"1\" class=\"button product_type_simple add_to_cart_button ajax_add_to_cart\" data-product_id=\"23\" data-product_sku=\"200001176:200004889#120 color_ctpvvjsu6f9g00b8jpeg\" aria-label=\"Adicione ao carrinho: &ldquo;120 cores de maquiagem para os olhos \u00e0 prova&rdquo;\" rel=\"nofollow\" data-success_message=\"\u201c120 cores de maquiagem para os olhos \u00e0 prova\u201d foi adicionado ao seu carrinho\" role=\"button\">Adicionar ao carrinho<\/a>\t<span id=\"woocommerce_loop_add_to_cart_link_describedby_23\" class=\"screen-reader-text\">\n\t\t\t<\/span>\n<\/li>\n<\/ul>\n<\/div>\t\t\t\t<\/div>\n\t\t\t\t<\/div>\n\t\t\t\t\t<\/div>\n\t\t\t\t<\/div>\n\t\t\t\t<\/div>\n\t\t","protected":false},"excerpt":{"rendered":"<p>Categorias Eletr\u00f4nicos Inform\u00e1tica Maquiagem Utilidades Produtos<\/p>\n","protected":false},"author":1,"featured_media":0,"parent":0,"menu_order":0,"comment_status":"closed","ping_status":"closed","template":"elementor_header_footer","meta":{"footnotes":""},"class_list":["post-290","page","type-page","status-publish","hentry"],"_links":{"self":[{"href":"https:\/\/idbras.com.br\/loja\/wp-json\/wp\/v2\/pages\/290","targetHints":{"allow":["GET"]}}],"collection":[{"href":"https:\/\/idbras.com.br\/loja\/wp-json\/wp\/v2\/pages"}],"about":[{"href":"https:\/\/idbras.com.br\/loja\/wp-json\/wp\/v2\/types\/page"}],"author":[{"embeddable":true,"href":"https:\/\/idbras.com.br\/loja\/wp-json\/wp\/v2\/users\/1"}],"replies":[{"embeddable":true,"href":"https:\/\/idbras.com.br\/loja\/wp-json\/wp\/v2\/comments?post=290"}],"version-history":[{"count":10,"href":"https:\/\/idbras.com.br\/loja\/wp-json\/wp\/v2\/pages\/290\/revisions"}],"predecessor-version":[{"id":301,"href":"https:\/\/idbras.com.br\/loja\/wp-json\/wp\/v2\/pages\/290\/revisions\/301"}],"wp:attachment":[{"href":"https:\/\/idbras.com.br\/loja\/wp-json\/wp\/v2\/media?parent=290"}],"curies":[{"name":"wp","href":"https:\/\/api.w.org\/{rel}","templated":true}]}}