{"id":10,"date":"2024-12-31T08:52:34","date_gmt":"2024-12-31T11:52:34","guid":{"rendered":"https:\/\/idbras.com.br\/loja\/cart\/"},"modified":"2024-12-31T08:52:34","modified_gmt":"2024-12-31T11:52:34","slug":"cart","status":"publish","type":"page","link":"https:\/\/idbras.com.br\/loja\/cart\/","title":{"rendered":"Cart"},"content":{"rendered":"\n<div data-block-name=\"woocommerce\/cart\" class=\"wp-block-woocommerce-cart alignwide is-loading\">\n<div data-block-name=\"woocommerce\/filled-cart-block\" class=\"wp-block-woocommerce-filled-cart-block\">\n<div data-block-name=\"woocommerce\/cart-items-block\" class=\"wp-block-woocommerce-cart-items-block\">\n<div data-block-name=\"woocommerce\/cart-line-items-block\" class=\"wp-block-woocommerce-cart-line-items-block\"><\/div>\n\n\n\n<div data-block-name=\"woocommerce\/cart-cross-sells-block\" class=\"wp-block-woocommerce-cart-cross-sells-block\">\n<h2 class=\"wp-block-heading has-large-font-size\">You may be interested in\u2026<\/h2>\n\n\n\n<div data-block-name=\"woocommerce\/cart-cross-sells-products-block\" class=\"wp-block-woocommerce-cart-cross-sells-products-block\"><\/div>\n<\/div>\n<\/div>\n\n\n\n<div data-block-name=\"woocommerce\/cart-totals-block\" class=\"wp-block-woocommerce-cart-totals-block\">\n<div data-block-name=\"woocommerce\/cart-order-summary-block\" class=\"wp-block-woocommerce-cart-order-summary-block\">\n<div data-block-name=\"woocommerce\/cart-order-summary-heading-block\" class=\"wp-block-woocommerce-cart-order-summary-heading-block\"><\/div><div data-block-name=\"woocommerce\/cart-order-summary-coupon-form-block\" class=\"wp-block-woocommerce-cart-order-summary-coupon-form-block\"><\/div><div data-block-name=\"woocommerce\/cart-order-summary-totals-block\" class=\"wp-block-woocommerce-cart-order-summary-totals-block\">\n<div data-block-name=\"woocommerce\/cart-order-summary-subtotal-block\" class=\"wp-block-woocommerce-cart-order-summary-subtotal-block\"><\/div>\n<div data-block-name=\"woocommerce\/cart-order-summary-discount-block\" class=\"wp-block-woocommerce-cart-order-summary-discount-block\"><\/div>\n<div data-block-name=\"woocommerce\/cart-order-summary-fee-block\" class=\"wp-block-woocommerce-cart-order-summary-fee-block\"><\/div>\n<div data-block-name=\"woocommerce\/cart-order-summary-shipping-block\" class=\"wp-block-woocommerce-cart-order-summary-shipping-block\"><\/div>\n<div data-block-name=\"woocommerce\/cart-order-summary-taxes-block\" class=\"wp-block-woocommerce-cart-order-summary-taxes-block\"><\/div><\/div>\n<\/div>\n\n\n\n<div data-block-name=\"woocommerce\/cart-express-payment-block\" class=\"wp-block-woocommerce-cart-express-payment-block\"><\/div>\n\n\n\n<div data-block-name=\"woocommerce\/proceed-to-checkout-block\" class=\"wp-block-woocommerce-proceed-to-checkout-block\"><\/div>\n\n\n\n<div data-block-name=\"woocommerce\/cart-accepted-payment-methods-block\" class=\"wp-block-woocommerce-cart-accepted-payment-methods-block\"><\/div>\n<\/div>\n<\/div>\n\n\n\n<div data-block-name=\"woocommerce\/empty-cart-block\" class=\"wp-block-woocommerce-empty-cart-block\">\n<h2 class=\"wp-block-heading has-text-align-center with-empty-cart-icon wc-block-cart__empty-cart__title\">Your cart is currently empty!<\/h2>\n\n\n\n<hr class=\"wp-block-separator has-alpha-channel-opacity is-style-dots\"\/>\n\n\n\n<h2 class=\"wp-block-heading has-text-align-center\">New in store<\/h2>\n\n\n<div data-block-name=\"woocommerce\/product-new\" data-columns=\"4\" data-rows=\"1\" class=\"wc-block-grid wp-block-product-new wp-block-woocommerce-product-new wc-block-product-new has-4-columns\"><ul class=\"wc-block-grid__products\"><li class=\"wc-block-grid__product\">\n\t\t\t\t<a href=\"https:\/\/idbras.com.br\/loja\/product\/wired-earphone-with-microphone-copper-driver-ergonomic-hifi-sports-style-fast-delivery-for-all-brazil\/\" class=\"wc-block-grid__product-link\">\n\t\t\t\t\t\n\t\t\t\t\t<div class=\"wc-block-grid__product-image\"><img fetchpriority=\"high\" decoding=\"async\" width=\"300\" height=\"300\" src=\"https:\/\/idbras.com.br\/loja\/wp-content\/uploads\/2025\/01\/A1c65f2f68a40443f8776eaeb670bbdf1O-1-300x300.webp\" class=\"attachment-woocommerce_thumbnail size-woocommerce_thumbnail\" alt=\"Fone de Ouvido com Fio e Microfone Driver de Cobre Ergon\u00f4mico Hifi Estilo Esportivo\" srcset=\"https:\/\/idbras.com.br\/loja\/wp-content\/uploads\/2025\/01\/A1c65f2f68a40443f8776eaeb670bbdf1O-1-300x300.webp 300w, https:\/\/idbras.com.br\/loja\/wp-content\/uploads\/2025\/01\/A1c65f2f68a40443f8776eaeb670bbdf1O-1-150x150.webp 150w, https:\/\/idbras.com.br\/loja\/wp-content\/uploads\/2025\/01\/A1c65f2f68a40443f8776eaeb670bbdf1O-1-768x768.webp 768w, https:\/\/idbras.com.br\/loja\/wp-content\/uploads\/2025\/01\/A1c65f2f68a40443f8776eaeb670bbdf1O-1-600x600.webp 600w, https:\/\/idbras.com.br\/loja\/wp-content\/uploads\/2025\/01\/A1c65f2f68a40443f8776eaeb670bbdf1O-1-100x100.webp 100w, https:\/\/idbras.com.br\/loja\/wp-content\/uploads\/2025\/01\/A1c65f2f68a40443f8776eaeb670bbdf1O-1-64x64.webp 64w, https:\/\/idbras.com.br\/loja\/wp-content\/uploads\/2025\/01\/A1c65f2f68a40443f8776eaeb670bbdf1O-1.webp 800w\" sizes=\"(max-width: 300px) 100vw, 300px\" \/><\/div>\n\t\t\t\t\t<div class=\"wc-block-grid__product-title\">Fone de Ouvido com Fio e Microfone Driver de Cobre Ergon\u00f4mico Hifi Estilo Esportivo<\/div>\n\t\t\t\t<\/a>\n\t\t\t\t<div class=\"wc-block-grid__product-price price\"><span class=\"woocommerce-Price-amount amount\"><span class=\"woocommerce-Price-currencySymbol\">&#082;&#036;<\/span>65.00<\/span><\/div>\n\t\t\t\t\n\t\t\t\t<div class=\"wp-block-button wc-block-grid__product-add-to-cart\"><a href=\"https:\/\/idbras.com.br\/loja\/product\/wired-earphone-with-microphone-copper-driver-ergonomic-hifi-sports-style-fast-delivery-for-all-brazil\/\" aria-label=\"Selecione as op\u00e7\u00f5es para &ldquo;Fone de Ouvido com Fio e Microfone Driver de Cobre Ergon\u00f4mico Hifi Estilo Esportivo&rdquo;\" data-quantity=\"1\" data-product_id=\"252\" data-product_sku=\"ctqrbtku6f9g00b8kk2g\" data-price=\"65\" rel=\"nofollow\" class=\"wp-block-button__link  add_to_cart_button\">Ver op\u00e7\u00f5es<\/a><\/div>\n\t\t\t<\/li><li class=\"wc-block-grid__product\">\n\t\t\t\t<a href=\"https:\/\/idbras.com.br\/loja\/product\/taidu-t01-gaming-headset-high-quality-wireless-bluetooth-headphones-50mm-wired-4-mode-earphone-gamers-choice-for-pc-ps5-xbox\/\" class=\"wc-block-grid__product-link\">\n\t\t\t\t\t\n\t\t\t\t\t<div class=\"wc-block-grid__product-image\"><img decoding=\"async\" width=\"300\" height=\"300\" src=\"https:\/\/idbras.com.br\/loja\/wp-content\/uploads\/2025\/01\/Sb714392797e040a3bf0a0711648687ebk-300x300.webp\" class=\"attachment-woocommerce_thumbnail size-woocommerce_thumbnail\" alt=\"Fone de ouvido para jogos TAIDU T01 Fones de ouvido Bluetooth sem fio de alta qualidade 50 mm com fio 4 modos\" srcset=\"https:\/\/idbras.com.br\/loja\/wp-content\/uploads\/2025\/01\/Sb714392797e040a3bf0a0711648687ebk-300x300.webp 300w, https:\/\/idbras.com.br\/loja\/wp-content\/uploads\/2025\/01\/Sb714392797e040a3bf0a0711648687ebk-150x150.webp 150w, https:\/\/idbras.com.br\/loja\/wp-content\/uploads\/2025\/01\/Sb714392797e040a3bf0a0711648687ebk-768x768.webp 768w, https:\/\/idbras.com.br\/loja\/wp-content\/uploads\/2025\/01\/Sb714392797e040a3bf0a0711648687ebk-600x600.webp 600w, https:\/\/idbras.com.br\/loja\/wp-content\/uploads\/2025\/01\/Sb714392797e040a3bf0a0711648687ebk-100x100.webp 100w, https:\/\/idbras.com.br\/loja\/wp-content\/uploads\/2025\/01\/Sb714392797e040a3bf0a0711648687ebk-64x64.webp 64w, https:\/\/idbras.com.br\/loja\/wp-content\/uploads\/2025\/01\/Sb714392797e040a3bf0a0711648687ebk.webp 800w\" sizes=\"(max-width: 300px) 100vw, 300px\" \/><\/div>\n\t\t\t\t\t<div class=\"wc-block-grid__product-title\">Fone de ouvido para jogos TAIDU T01 Fones de ouvido Bluetooth sem fio de alta qualidade 50 mm com fio 4 modos<\/div>\n\t\t\t\t<\/a>\n\t\t\t\t<div class=\"wc-block-grid__product-price price\"><span class=\"woocommerce-Price-amount amount\"><span class=\"woocommerce-Price-currencySymbol\">&#082;&#036;<\/span>179.00<\/span><\/div>\n\t\t\t\t\n\t\t\t\t<div class=\"wp-block-button wc-block-grid__product-add-to-cart\"><a href=\"https:\/\/idbras.com.br\/loja\/product\/taidu-t01-gaming-headset-high-quality-wireless-bluetooth-headphones-50mm-wired-4-mode-earphone-gamers-choice-for-pc-ps5-xbox\/\" aria-label=\"Selecione as op\u00e7\u00f5es para &ldquo;Fone de ouvido para jogos TAIDU T01 Fones de ouvido Bluetooth sem fio de alta qualidade 50 mm com fio 4 modos&rdquo;\" data-quantity=\"1\" data-product_id=\"233\" data-product_sku=\"ctqr34cu6f9g00b8kjr0\" data-price=\"179\" rel=\"nofollow\" class=\"wp-block-button__link  add_to_cart_button\">Ver op\u00e7\u00f5es<\/a><\/div>\n\t\t\t<\/li><li class=\"wc-block-grid__product\">\n\t\t\t\t<a href=\"https:\/\/idbras.com.br\/loja\/product\/m10-bluetooth-headphones-with-microphone-earphone-charger-box-wireless-headphones-led-display-screen\/\" class=\"wc-block-grid__product-link\">\n\t\t\t\t\t\n\t\t\t\t\t<div class=\"wc-block-grid__product-image\"><img decoding=\"async\" width=\"300\" height=\"300\" src=\"https:\/\/idbras.com.br\/loja\/wp-content\/uploads\/2025\/01\/S953f81574561446e9d6841f89e48d030g-300x300.webp\" class=\"attachment-woocommerce_thumbnail size-woocommerce_thumbnail\" alt=\"Fones de ouvido Bluetooth M10 com microfone, caixa de carregador de fone de ouvido, fones de ouvido sem fio, tela de exibi\u00e7\u00e3o LED\" srcset=\"https:\/\/idbras.com.br\/loja\/wp-content\/uploads\/2025\/01\/S953f81574561446e9d6841f89e48d030g-300x300.webp 300w, https:\/\/idbras.com.br\/loja\/wp-content\/uploads\/2025\/01\/S953f81574561446e9d6841f89e48d030g-150x150.webp 150w, https:\/\/idbras.com.br\/loja\/wp-content\/uploads\/2025\/01\/S953f81574561446e9d6841f89e48d030g-768x768.webp 768w, https:\/\/idbras.com.br\/loja\/wp-content\/uploads\/2025\/01\/S953f81574561446e9d6841f89e48d030g-600x600.webp 600w, https:\/\/idbras.com.br\/loja\/wp-content\/uploads\/2025\/01\/S953f81574561446e9d6841f89e48d030g-100x100.webp 100w, https:\/\/idbras.com.br\/loja\/wp-content\/uploads\/2025\/01\/S953f81574561446e9d6841f89e48d030g-64x64.webp 64w, https:\/\/idbras.com.br\/loja\/wp-content\/uploads\/2025\/01\/S953f81574561446e9d6841f89e48d030g.webp 800w\" sizes=\"(max-width: 300px) 100vw, 300px\" \/><\/div>\n\t\t\t\t\t<div class=\"wc-block-grid__product-title\">Fones de ouvido Bluetooth M10 com microfone, caixa de carregador de fone de ouvido, fones de ouvido sem fio, tela de exibi\u00e7\u00e3o LED<\/div>\n\t\t\t\t<\/a>\n\t\t\t\t<div class=\"wc-block-grid__product-price price\"><span class=\"woocommerce-Price-amount amount\"><span class=\"woocommerce-Price-currencySymbol\">&#082;&#036;<\/span>75.00<\/span><\/div>\n\t\t\t\t\n\t\t\t\t<div class=\"wp-block-button wc-block-grid__product-add-to-cart\"><a href=\"\/loja\/wp-json\/wp\/v2\/pages\/10?add-to-cart=206\" aria-label=\"Adicione ao carrinho: &ldquo;Fones de ouvido Bluetooth M10 com microfone, caixa de carregador de fone de ouvido, fones de ouvido sem fio, tela de exibi\u00e7\u00e3o LED&rdquo;\" data-quantity=\"1\" data-product_id=\"206\" data-product_sku=\"14:193_ctqr1qnia6e000975350\" data-price=\"75\" rel=\"nofollow\" class=\"wp-block-button__link  add_to_cart_button ajax_add_to_cart\">Adicionar ao carrinho<\/a><\/div>\n\t\t\t<\/li><li class=\"wc-block-grid__product\">\n\t\t\t\t<a href=\"https:\/\/idbras.com.br\/loja\/product\/conjunto-profissional-de-pinceis-de-maquiagem-3-20pcs\/\" class=\"wc-block-grid__product-link\">\n\t\t\t\t\t\n\t\t\t\t\t<div class=\"wc-block-grid__product-image\"><img loading=\"lazy\" decoding=\"async\" width=\"300\" height=\"300\" src=\"https:\/\/idbras.com.br\/loja\/wp-content\/uploads\/2024\/12\/S1033308de04b488aba697fc76c0022c0A-300x300.webp\" class=\"attachment-woocommerce_thumbnail size-woocommerce_thumbnail\" alt=\"Conjunto profissional de pinc\u00e9is de maquiagem 3-20PCS\" srcset=\"https:\/\/idbras.com.br\/loja\/wp-content\/uploads\/2024\/12\/S1033308de04b488aba697fc76c0022c0A-300x300.webp 300w, https:\/\/idbras.com.br\/loja\/wp-content\/uploads\/2024\/12\/S1033308de04b488aba697fc76c0022c0A-150x150.webp 150w, https:\/\/idbras.com.br\/loja\/wp-content\/uploads\/2024\/12\/S1033308de04b488aba697fc76c0022c0A-768x768.webp 768w, https:\/\/idbras.com.br\/loja\/wp-content\/uploads\/2024\/12\/S1033308de04b488aba697fc76c0022c0A-600x600.webp 600w, https:\/\/idbras.com.br\/loja\/wp-content\/uploads\/2024\/12\/S1033308de04b488aba697fc76c0022c0A-100x100.webp 100w, https:\/\/idbras.com.br\/loja\/wp-content\/uploads\/2024\/12\/S1033308de04b488aba697fc76c0022c0A.webp 800w\" sizes=\"(max-width: 300px) 100vw, 300px\" \/><\/div>\n\t\t\t\t\t<div class=\"wc-block-grid__product-title\">Conjunto profissional de pinc\u00e9is de maquiagem 3-20PCS<\/div>\n\t\t\t\t<\/a>\n\t\t\t\t<div class=\"wc-block-grid__product-price price\"><span class=\"woocommerce-Price-amount amount\" aria-hidden=\"true\"><span class=\"woocommerce-Price-currencySymbol\">&#082;&#036;<\/span>25.00<\/span> <span aria-hidden=\"true\">&ndash;<\/span> <span class=\"woocommerce-Price-amount amount\" aria-hidden=\"true\"><span class=\"woocommerce-Price-currencySymbol\">&#082;&#036;<\/span>62.00<\/span><span class=\"screen-reader-text\">Price range: &#082;&#036;25.00 through &#082;&#036;62.00<\/span><\/div>\n\t\t\t\t\n\t\t\t\t<div class=\"wp-block-button wc-block-grid__product-add-to-cart\"><a href=\"https:\/\/idbras.com.br\/loja\/product\/conjunto-profissional-de-pinceis-de-maquiagem-3-20pcs\/\" aria-label=\"Selecione as op\u00e7\u00f5es para &ldquo;Conjunto profissional de pinc\u00e9is de maquiagem 3-20PCS&rdquo;\" data-quantity=\"1\" data-product_id=\"47\" data-product_sku=\"ctq00ffia6e0009748t0\" data-price=\"25\" rel=\"nofollow\" class=\"wp-block-button__link  add_to_cart_button\">Ver op\u00e7\u00f5es<\/a><\/div>\n\t\t\t<\/li><\/ul><\/div><\/div>\n<\/div>\n","protected":false},"excerpt":{"rendered":"","protected":false},"author":1,"featured_media":0,"parent":0,"menu_order":0,"comment_status":"closed","ping_status":"closed","template":"","meta":{"footnotes":""},"class_list":["post-10","page","type-page","status-publish","hentry"],"_links":{"self":[{"href":"https:\/\/idbras.com.br\/loja\/wp-json\/wp\/v2\/pages\/10","targetHints":{"allow":["GET"]}}],"collection":[{"href":"https:\/\/idbras.com.br\/loja\/wp-json\/wp\/v2\/pages"}],"about":[{"href":"https:\/\/idbras.com.br\/loja\/wp-json\/wp\/v2\/types\/page"}],"author":[{"embeddable":true,"href":"https:\/\/idbras.com.br\/loja\/wp-json\/wp\/v2\/users\/1"}],"replies":[{"embeddable":true,"href":"https:\/\/idbras.com.br\/loja\/wp-json\/wp\/v2\/comments?post=10"}],"version-history":[{"count":0,"href":"https:\/\/idbras.com.br\/loja\/wp-json\/wp\/v2\/pages\/10\/revisions"}],"wp:attachment":[{"href":"https:\/\/idbras.com.br\/loja\/wp-json\/wp\/v2\/media?parent=10"}],"curies":[{"name":"wp","href":"https:\/\/api.w.org\/{rel}","templated":true}]}}